{"id":673,"date":"2025-03-12T14:15:50","date_gmt":"2025-03-12T14:15:50","guid":{"rendered":"https:\/\/atinex.digitalcake.com.tr\/?page_id=673"},"modified":"2025-03-12T14:26:24","modified_gmt":"2025-03-12T14:26:24","slug":"free-consultation","status":"publish","type":"page","link":"https:\/\/atinex.digitalcake.com.tr\/en\/free-consultation\/","title":{"rendered":"Free consultation"},"content":{"rendered":"\t\t<div data-elementor-type=\"wp-page\" data-elementor-id=\"673\" class=\"elementor elementor-673\" data-elementor-post-type=\"page\">\n\t\t\t\t<div class=\"elementor-element elementor-element-e75abeb e-flex e-con-boxed e-con e-parent\" data-id=\"e75abeb\" data-element_type=\"container\" data-settings=\"{&quot;background_background&quot;:&quot;gradient&quot;}\">\n\t\t\t\t\t<div class=\"e-con-inner\">\n\t\t\t\t<div class=\"elementor-element elementor-element-daf8e3c elementor-widget__width-initial elementor-widget elementor-widget-text-editor\" data-id=\"daf8e3c\" data-element_type=\"widget\" data-widget_type=\"text-editor.default\">\n\t\t\t\t<div class=\"elementor-widget-container\">\n\t\t\t\t\t\t\t\t\t<p>Branding olarakta kullan\u0131lan markala\u015fma, \u00fcr\u00fcnleriniz veya hizmetlerinizin, logo, paketleme, yaz\u0131 tipi ve verdi\u011fi mesaj do\u011frultusunda olu\u015fturulan bir kimliktir.<\/p>\t\t\t\t\t\t\t\t<\/div>\n\t\t\t\t<\/div>\n\t\t\t\t\t<\/div>\n\t\t\t\t<\/div>\n\t\t<div class=\"elementor-element elementor-element-ed19df2 e-flex e-con-boxed e-con e-parent\" data-id=\"ed19df2\" data-element_type=\"container\">\n\t\t\t\t\t<div class=\"e-con-inner\">\n\t\t\t\t<div class=\"elementor-element elementor-element-d5149d4 elementor-widget elementor-widget-fluentbooking-calendar-event\" data-id=\"d5149d4\" data-element_type=\"widget\" data-widget_type=\"fluentbooking-calendar-event.default\">\n\t\t\t\t<div class=\"elementor-widget-container\">\n\t\t\t\t\t<div class=\"fcal_cal_wrap fcal-light-mode\">\n    <div class=\"fluent_booking_app\" data-calendar_id=\"1\"\n         data-event_id=\"1\"><\/div>\n    <\/div>\n\n<style>\n    .fcal_phone_wrapper .flag {\n        background: url(https:\/\/atinex.digitalcake.com.tr\/wp-content\/plugins\/fluent-booking\/assets\/images\/flags_responsive.png) no-repeat;\n        background-size: 100%;\n    }\n<\/style>\n\t\t\t\t<\/div>\n\t\t\t\t<\/div>\n\t\t\t\t\t<\/div>\n\t\t\t\t<\/div>\n\t\t\t\t<\/div>\n\t\t","protected":false},"excerpt":{"rendered":"<p>Branding olarakta kullan\u0131lan markala\u015fma, \u00fcr\u00fcnleriniz veya hizmetlerinizin, logo, paketleme, yaz\u0131 tipi ve verdi\u011fi mesaj do\u011frultusunda olu\u015fturulan bir kimliktir.<\/p>\n","protected":false},"author":1,"featured_media":0,"parent":0,"menu_order":0,"comment_status":"closed","ping_status":"closed","template":"","meta":{"_acf_changed":false,"footnotes":""},"class_list":["post-673","page","type-page","status-publish","hentry"],"acf":[],"_links":{"self":[{"href":"https:\/\/atinex.digitalcake.com.tr\/en\/wp-json\/wp\/v2\/pages\/673","targetHints":{"allow":["GET"]}}],"collection":[{"href":"https:\/\/atinex.digitalcake.com.tr\/en\/wp-json\/wp\/v2\/pages"}],"about":[{"href":"https:\/\/atinex.digitalcake.com.tr\/en\/wp-json\/wp\/v2\/types\/page"}],"author":[{"embeddable":true,"href":"https:\/\/atinex.digitalcake.com.tr\/en\/wp-json\/wp\/v2\/users\/1"}],"replies":[{"embeddable":true,"href":"https:\/\/atinex.digitalcake.com.tr\/en\/wp-json\/wp\/v2\/comments?post=673"}],"version-history":[{"count":20,"href":"https:\/\/atinex.digitalcake.com.tr\/en\/wp-json\/wp\/v2\/pages\/673\/revisions"}],"predecessor-version":[{"id":698,"href":"https:\/\/atinex.digitalcake.com.tr\/en\/wp-json\/wp\/v2\/pages\/673\/revisions\/698"}],"wp:attachment":[{"href":"https:\/\/atinex.digitalcake.com.tr\/en\/wp-json\/wp\/v2\/media?parent=673"}],"curies":[{"name":"wp","href":"https:\/\/api.w.org\/{rel}","templated":true}]}}